{"id":1779,"date":"2020-12-18T10:00:41","date_gmt":"2020-12-18T09:00:41","guid":{"rendered":"https:\/\/www.peragallo.es\/contacto\/"},"modified":"2026-03-11T12:05:40","modified_gmt":"2026-03-11T11:05:40","slug":"contacto","status":"publish","type":"page","link":"https:\/\/www.peragallo.es\/en\/contacto\/","title":{"rendered":"Contact"},"content":{"rendered":"\t\t<div data-elementor-type=\"wp-page\" data-elementor-id=\"1779\" class=\"elementor elementor-1779 elementor-27\">\n\t\t\t\t\t\t<section class=\"elementor-section elementor-top-section elementor-element elementor-element-fe88c54 elementor-section-full_width elementor-section-height-default elementor-section-height-default exad-glass-effect-no exad-sticky-section-no\" data-id=\"fe88c54\" data-element_type=\"section\" data-e-type=\"section\">\n\t\t\t\t\t\t<div class=\"elementor-container elementor-column-gap-default\">\n\t\t\t\t\t<div class=\"elementor-column elementor-col-100 elementor-top-column elementor-element elementor-element-2562e48 exad-glass-effect-no exad-sticky-section-no\" data-id=\"2562e48\" data-element_type=\"column\" data-e-type=\"column\">\n\t\t\t<div class=\"elementor-widget-wrap elementor-element-populated\">\n\t\t\t\t\t\t<div class=\"elementor-element elementor-element-4bb14aa exad-sticky-section-no exad-glass-effect-no elementor-widget elementor-widget-heading\" data-id=\"4bb14aa\" data-element_type=\"widget\" data-e-type=\"widget\" data-widget_type=\"heading.default\">\n\t\t\t\t<div class=\"elementor-widget-container\">\n\t\t\t\t\t<h1 class=\"elementor-heading-title elementor-size-default\">Contact<\/h1>\t\t\t\t<\/div>\n\t\t\t\t<\/div>\n\t\t\t\t\t<\/div>\n\t\t<\/div>\n\t\t\t\t\t<\/div>\n\t\t<\/section>\n\t\t\t\t<section class=\"elementor-section elementor-top-section elementor-element elementor-element-6283e24 elementor-section-boxed elementor-section-height-default elementor-section-height-default exad-glass-effect-no exad-sticky-section-no\" data-id=\"6283e24\" data-element_type=\"section\" data-e-type=\"section\" data-settings=\"{&quot;background_background&quot;:&quot;classic&quot;}\">\n\t\t\t\t\t\t<div class=\"elementor-container elementor-column-gap-default\">\n\t\t\t\t\t<div class=\"elementor-column elementor-col-50 elementor-top-column elementor-element elementor-element-b058bbc exad-glass-effect-no exad-sticky-section-no\" data-id=\"b058bbc\" data-element_type=\"column\" data-e-type=\"column\" data-settings=\"{&quot;background_background&quot;:&quot;classic&quot;}\">\n\t\t\t<div class=\"elementor-widget-wrap elementor-element-populated\">\n\t\t\t\t\t\t<div class=\"elementor-element elementor-element-6242c93 exad-sticky-section-no exad-glass-effect-no elementor-widget elementor-widget-image\" data-id=\"6242c93\" data-element_type=\"widget\" data-e-type=\"widget\" data-widget_type=\"image.default\">\n\t\t\t\t<div class=\"elementor-widget-container\">\n\t\t\t\t\t\t\t\t\t\t\t\t\t\t\t<img fetchpriority=\"high\" decoding=\"async\" width=\"958\" height=\"416\" src=\"https:\/\/www.peragallo.es\/wp-content\/uploads\/2020\/12\/005.jpg\" class=\"attachment-full size-full wp-image-1780\" alt=\"contacto\" srcset=\"https:\/\/www.peragallo.es\/wp-content\/uploads\/2020\/12\/005.jpg 958w, https:\/\/www.peragallo.es\/wp-content\/uploads\/2020\/12\/005-300x130.jpg 300w, https:\/\/www.peragallo.es\/wp-content\/uploads\/2020\/12\/005-768x333.jpg 768w\" sizes=\"(max-width: 958px) 100vw, 958px\" \/>\t\t\t\t\t\t\t\t\t\t\t\t\t\t\t<\/div>\n\t\t\t\t<\/div>\n\t\t\t\t\t<\/div>\n\t\t<\/div>\n\t\t\t\t<div class=\"elementor-column elementor-col-50 elementor-top-column elementor-element elementor-element-0043f86 exad-glass-effect-no exad-sticky-section-no\" data-id=\"0043f86\" data-element_type=\"column\" data-e-type=\"column\" data-settings=\"{&quot;background_background&quot;:&quot;classic&quot;}\">\n\t\t\t<div class=\"elementor-widget-wrap elementor-element-populated\">\n\t\t\t\t\t\t<div class=\"elementor-element elementor-element-4138383 eael-contact-form-7-button-align-center elementor-widget__width-inherit eael-contact-form-7-button-custom exad-sticky-section-no exad-glass-effect-no elementor-widget elementor-widget-eael-contact-form-7\" data-id=\"4138383\" data-element_type=\"widget\" data-e-type=\"widget\" data-widget_type=\"eael-contact-form-7.default\">\n\t\t\t\t<div class=\"elementor-widget-container\">\n\t\t\t\t\t<div class=\"eael-contact-form-7-wrapper\">\n                <div class=\"eael-contact-form eael-contact-form-7 eael-contact-form-4138383 placeholder-show eael-contact-form-align-center\">\n<div class=\"wpcf7 no-js\" id=\"wpcf7-f1982-o1\" lang=\"en-US\" dir=\"ltr\" data-wpcf7-id=\"1982\">\n<div class=\"screen-reader-response\"><p role=\"status\" aria-live=\"polite\" aria-atomic=\"true\"><\/p> <ul><\/ul><\/div>\n<form action=\"\/en\/wp-json\/wp\/v2\/pages\/1779#wpcf7-f1982-o1\" method=\"post\" class=\"wpcf7-form init\" aria-label=\"Contact form\" novalidate=\"novalidate\" data-status=\"init\">\n<fieldset class=\"hidden-fields-container\"><input type=\"hidden\" name=\"_wpcf7\" value=\"1982\" \/><input type=\"hidden\" name=\"_wpcf7_version\" value=\"6.1.5\" \/><input type=\"hidden\" name=\"_wpcf7_locale\" value=\"en_US\" \/><input type=\"hidden\" name=\"_wpcf7_unit_tag\" value=\"wpcf7-f1982-o1\" \/><input type=\"hidden\" name=\"_wpcf7_container_post\" value=\"0\" \/><input type=\"hidden\" name=\"_wpcf7_posted_data_hash\" value=\"\" \/><input type=\"hidden\" name=\"_wpcf7_recaptcha_response\" value=\"\" \/>\n<\/fieldset>\n<p><label> Your name<br \/>\n<span class=\"wpcf7-form-control-wrap\" data-name=\"your-name\"><input size=\"40\" maxlength=\"400\" class=\"wpcf7-form-control wpcf7-text wpcf7-validates-as-required\" aria-required=\"true\" aria-invalid=\"false\" value=\"\" type=\"text\" name=\"your-name\" \/><\/span> <\/label>\n<\/p>\n<p><label> Your email<br \/>\n<span class=\"wpcf7-form-control-wrap\" data-name=\"your-email\"><input size=\"40\" maxlength=\"400\" class=\"wpcf7-form-control wpcf7-email wpcf7-validates-as-required wpcf7-text wpcf7-validates-as-email\" aria-required=\"true\" aria-invalid=\"false\" value=\"\" type=\"email\" name=\"your-email\" \/><\/span> <\/label>\n<\/p>\n<p><label> Subject<br \/>\n<span class=\"wpcf7-form-control-wrap\" data-name=\"your-subject\"><input size=\"40\" maxlength=\"400\" class=\"wpcf7-form-control wpcf7-text wpcf7-validates-as-required\" aria-required=\"true\" aria-invalid=\"false\" value=\"\" type=\"text\" name=\"your-subject\" \/><\/span> <\/label>\n<\/p>\n<p><label> Your message (optional)<br \/>\n<span class=\"wpcf7-form-control-wrap\" data-name=\"your-message\"><textarea cols=\"40\" rows=\"10\" maxlength=\"2000\" class=\"wpcf7-form-control wpcf7-textarea\" aria-invalid=\"false\" name=\"your-message\"><\/textarea><\/span> <\/label>\n<\/p>\n<p><span class=\"wpcf7-form-control-wrap\" data-name=\"checkbox-889\"><span class=\"wpcf7-form-control wpcf7-checkbox wpcf7-validates-as-required\"><span class=\"wpcf7-list-item first last\"><label><input type=\"checkbox\" name=\"checkbox-889[]\" value=\"I have read and accept the Privacy Policy of PERAGALLO, S.L.\" \/><span class=\"wpcf7-list-item-label\">I have read and accept the Privacy Policy of PERAGALLO, S.L.<\/span><\/label><\/span><\/span><\/span>\n<\/p>\n<p><input class=\"wpcf7-form-control wpcf7-submit has-spinner\" type=\"submit\" value=\"Send\" \/>\n<\/p><div class=\"wpcf7-response-output\" aria-hidden=\"true\"><\/div>\n<\/form>\n<\/div>\n<\/div>\n            <\/div>\t\t\t\t<\/div>\n\t\t\t\t<\/div>\n\t\t\t\t<div class=\"elementor-element elementor-element-b4c217d elementor-widget__width-inherit exad-sticky-section-no exad-glass-effect-no elementor-widget elementor-widget-text-editor\" data-id=\"b4c217d\" data-element_type=\"widget\" data-e-type=\"widget\" id=\"textoformulario\" data-widget_type=\"text-editor.default\">\n\t\t\t\t<div class=\"elementor-widget-container\">\n\t\t\t\t\t\t\t\t\t<p>In accordance with the provisions of current legislation on Personal Data Protection, Regulation (EU) 2016\/679 General Data Protection Regulation (GDPR) and Organic Law 3\/2018 of 5 December on Personal Data Protection and Guarantee of Digital Rights (LOPDGDD), you are informed that the personal data you provide through this form will be processed by <strong data-start=\"352\" data-end=\"368\">PERAGALLO SL<\/strong> for the purpose of managing your request and sending you more detailed information. For more information, please consult our\u00a0<a href=\"https:\/\/www.peragallo.es\/en\/politica-de-privacidad\/\" target=\"_blank\" rel=\"noopener\">privacy policy<\/a><strong>.<\/strong><\/p>\t\t\t\t\t\t\t\t<\/div>\n\t\t\t\t<\/div>\n\t\t\t\t\t<\/div>\n\t\t<\/div>\n\t\t\t\t\t<\/div>\n\t\t<\/section>\n\t\t\t\t<section class=\"elementor-section elementor-top-section elementor-element elementor-element-a453bbd elementor-section-full_width elementor-section-height-default elementor-section-height-default exad-glass-effect-no exad-sticky-section-no\" data-id=\"a453bbd\" data-element_type=\"section\" data-e-type=\"section\">\n\t\t\t\t\t\t<div class=\"elementor-container elementor-column-gap-default\">\n\t\t\t\t\t<div class=\"elementor-column elementor-col-100 elementor-top-column elementor-element elementor-element-d2da10b exad-glass-effect-no exad-sticky-section-no\" data-id=\"d2da10b\" data-element_type=\"column\" data-e-type=\"column\">\n\t\t\t<div class=\"elementor-widget-wrap elementor-element-populated\">\n\t\t\t\t\t\t<div class=\"elementor-element elementor-element-93f8228 exad-sticky-section-no exad-glass-effect-no elementor-widget elementor-widget-google_maps\" data-id=\"93f8228\" data-element_type=\"widget\" data-e-type=\"widget\" data-widget_type=\"google_maps.default\">\n\t\t\t\t<div class=\"elementor-widget-container\">\n\t\t\t\t\t\t\t<div class=\"elementor-custom-embed\">\n\t\t\t<iframe loading=\"lazy\"\n\t\t\t\t\tsrc=\"https:\/\/maps.google.com\/maps?q=peragallo&#038;t=m&#038;z=15&#038;output=embed&#038;iwloc=near\"\n\t\t\t\t\ttitle=\"peragallo\"\n\t\t\t\t\taria-label=\"peragallo\"\n\t\t\t><\/iframe>\n\t\t<\/div>\n\t\t\t\t\t\t<\/div>\n\t\t\t\t<\/div>\n\t\t\t\t\t<\/div>\n\t\t<\/div>\n\t\t\t\t\t<\/div>\n\t\t<\/section>\n\t\t\t\t<\/div>\n\t\t","protected":false},"excerpt":{"rendered":"<p>Contact Tu nombre Tu correo electr\u00f3nico Asunto Tu mensaje (opcional) He le\u00eddo y acepto la pol\u00edtica de privacidad de PERAGALLO, S.L. In accordance with the provisions of current legislation on Personal Data Protection, Regulation (EU) 2016\/679 General Data Protection Regulation (GDPR) and Organic Law 3\/2018 of 5 December on Personal Data Protection and Guarantee of&hellip;&nbsp;<a href=\"https:\/\/www.peragallo.es\/en\/contacto\/\" rel=\"bookmark\">Read More &raquo;<span class=\"screen-reader-text\">Contact<\/span><\/a><\/p>\n","protected":false},"author":2,"featured_media":0,"parent":0,"menu_order":0,"comment_status":"closed","ping_status":"closed","template":"elementor_header_footer","meta":{"neve_meta_sidebar":"full-width","neve_meta_container":"","neve_meta_enable_content_width":"on","neve_meta_content_width":100,"neve_meta_title_alignment":"","neve_meta_author_avatar":"","neve_post_elements_order":"","neve_meta_disable_header":"","neve_meta_disable_footer":"","neve_meta_disable_title":"","footnotes":""},"class_list":["post-1779","page","type-page","status-publish","hentry"],"yoast_head":"<!-- This site is optimized with the Yoast SEO plugin v27.1.1 - https:\/\/yoast.com\/product\/yoast-seo-wordpress\/ -->\n<title>Contact - Peragallo S.L.<\/title>\n<meta name=\"description\" content=\"Contacta con nosotros para solicitar m\u00e1s informaci\u00f3n sobre c\u00f3mo podemos ayudarte a representar cualquier tipo de instalaci\u00f3n.\" \/>\n<meta name=\"robots\" content=\"index, follow, max-snippet:-1, max-image-preview:large, max-video-preview:-1\" \/>\n<link rel=\"canonical\" href=\"https:\/\/www.peragallo.es\/en\/contacto\/\" \/>\n<meta property=\"og:locale\" content=\"en_US\" \/>\n<meta property=\"og:type\" content=\"article\" \/>\n<meta property=\"og:title\" content=\"Contact - Peragallo S.L.\" \/>\n<meta property=\"og:description\" content=\"Contacta con nosotros para solicitar m\u00e1s informaci\u00f3n sobre c\u00f3mo podemos ayudarte a representar cualquier tipo de instalaci\u00f3n.\" \/>\n<meta property=\"og:url\" content=\"https:\/\/www.peragallo.es\/en\/contacto\/\" \/>\n<meta property=\"og:site_name\" content=\"Peragallo S.L.\" \/>\n<meta property=\"article:modified_time\" content=\"2026-03-11T11:05:40+00:00\" \/>\n<meta property=\"og:image\" content=\"https:\/\/www.peragallo.es\/wp-content\/uploads\/2020\/12\/005.jpg\" \/>\n\t<meta property=\"og:image:width\" content=\"958\" \/>\n\t<meta property=\"og:image:height\" content=\"416\" \/>\n\t<meta property=\"og:image:type\" content=\"image\/jpeg\" \/>\n<meta name=\"twitter:card\" content=\"summary_large_image\" \/>\n<meta name=\"twitter:label1\" content=\"Est. reading time\" \/>\n\t<meta name=\"twitter:data1\" content=\"1 minute\" \/>\n<script type=\"application\/ld+json\" class=\"yoast-schema-graph\">{\"@context\":\"https:\/\/schema.org\",\"@graph\":[{\"@type\":\"WebPage\",\"@id\":\"https:\/\/www.peragallo.es\/en\/contacto\/\",\"url\":\"https:\/\/www.peragallo.es\/en\/contacto\/\",\"name\":\"Contact - Peragallo S.L.\",\"isPartOf\":{\"@id\":\"https:\/\/www.peragallo.es\/en\/#website\"},\"primaryImageOfPage\":{\"@id\":\"https:\/\/www.peragallo.es\/en\/contacto\/#primaryimage\"},\"image\":{\"@id\":\"https:\/\/www.peragallo.es\/en\/contacto\/#primaryimage\"},\"thumbnailUrl\":\"https:\/\/www.peragallo.es\/wp-content\/uploads\/2020\/12\/005.jpg\",\"datePublished\":\"2020-12-18T09:00:41+00:00\",\"dateModified\":\"2026-03-11T11:05:40+00:00\",\"description\":\"Contacta con nosotros para solicitar m\u00e1s informaci\u00f3n sobre c\u00f3mo podemos ayudarte a representar cualquier tipo de instalaci\u00f3n.\",\"breadcrumb\":{\"@id\":\"https:\/\/www.peragallo.es\/en\/contacto\/#breadcrumb\"},\"inLanguage\":\"en-US\",\"potentialAction\":[{\"@type\":\"ReadAction\",\"target\":[\"https:\/\/www.peragallo.es\/en\/contacto\/\"]}]},{\"@type\":\"ImageObject\",\"inLanguage\":\"en-US\",\"@id\":\"https:\/\/www.peragallo.es\/en\/contacto\/#primaryimage\",\"url\":\"https:\/\/www.peragallo.es\/wp-content\/uploads\/2020\/12\/005.jpg\",\"contentUrl\":\"https:\/\/www.peragallo.es\/wp-content\/uploads\/2020\/12\/005.jpg\"},{\"@type\":\"BreadcrumbList\",\"@id\":\"https:\/\/www.peragallo.es\/en\/contacto\/#breadcrumb\",\"itemListElement\":[{\"@type\":\"ListItem\",\"position\":1,\"name\":\"Portada\",\"item\":\"https:\/\/www.peragallo.es\/en\/\"},{\"@type\":\"ListItem\",\"position\":2,\"name\":\"Contact\"}]},{\"@type\":\"WebSite\",\"@id\":\"https:\/\/www.peragallo.es\/en\/#website\",\"url\":\"https:\/\/www.peragallo.es\/en\/\",\"name\":\"Peragallo S.L.\",\"description\":\"\",\"publisher\":{\"@id\":\"https:\/\/www.peragallo.es\/en\/#organization\"},\"potentialAction\":[{\"@type\":\"SearchAction\",\"target\":{\"@type\":\"EntryPoint\",\"urlTemplate\":\"https:\/\/www.peragallo.es\/en\/?s={search_term_string}\"},\"query-input\":{\"@type\":\"PropertyValueSpecification\",\"valueRequired\":true,\"valueName\":\"search_term_string\"}}],\"inLanguage\":\"en-US\"},{\"@type\":\"Organization\",\"@id\":\"https:\/\/www.peragallo.es\/en\/#organization\",\"name\":\"Peragallo\",\"url\":\"https:\/\/www.peragallo.es\/en\/\",\"logo\":{\"@type\":\"ImageObject\",\"inLanguage\":\"en-US\",\"@id\":\"https:\/\/www.peragallo.es\/en\/#\/schema\/logo\/image\/\",\"url\":\"https:\/\/www.peragallo.es\/wp-content\/uploads\/2020\/12\/logo.png\",\"contentUrl\":\"https:\/\/www.peragallo.es\/wp-content\/uploads\/2020\/12\/logo.png\",\"width\":374,\"height\":57,\"caption\":\"Peragallo\"},\"image\":{\"@id\":\"https:\/\/www.peragallo.es\/en\/#\/schema\/logo\/image\/\"}}]}<\/script>\n<!-- \/ Yoast SEO plugin. -->","yoast_head_json":{"title":"Contact - Peragallo S.L.","description":"Contacta con nosotros para solicitar m\u00e1s informaci\u00f3n sobre c\u00f3mo podemos ayudarte a representar cualquier tipo de instalaci\u00f3n.","robots":{"index":"index","follow":"follow","max-snippet":"max-snippet:-1","max-image-preview":"max-image-preview:large","max-video-preview":"max-video-preview:-1"},"canonical":"https:\/\/www.peragallo.es\/en\/contacto\/","og_locale":"en_US","og_type":"article","og_title":"Contact - Peragallo S.L.","og_description":"Contacta con nosotros para solicitar m\u00e1s informaci\u00f3n sobre c\u00f3mo podemos ayudarte a representar cualquier tipo de instalaci\u00f3n.","og_url":"https:\/\/www.peragallo.es\/en\/contacto\/","og_site_name":"Peragallo S.L.","article_modified_time":"2026-03-11T11:05:40+00:00","og_image":[{"width":958,"height":416,"url":"https:\/\/www.peragallo.es\/wp-content\/uploads\/2020\/12\/005.jpg","type":"image\/jpeg"}],"twitter_card":"summary_large_image","twitter_misc":{"Est. reading time":"1 minute"},"schema":{"@context":"https:\/\/schema.org","@graph":[{"@type":"WebPage","@id":"https:\/\/www.peragallo.es\/en\/contacto\/","url":"https:\/\/www.peragallo.es\/en\/contacto\/","name":"Contact - Peragallo S.L.","isPartOf":{"@id":"https:\/\/www.peragallo.es\/en\/#website"},"primaryImageOfPage":{"@id":"https:\/\/www.peragallo.es\/en\/contacto\/#primaryimage"},"image":{"@id":"https:\/\/www.peragallo.es\/en\/contacto\/#primaryimage"},"thumbnailUrl":"https:\/\/www.peragallo.es\/wp-content\/uploads\/2020\/12\/005.jpg","datePublished":"2020-12-18T09:00:41+00:00","dateModified":"2026-03-11T11:05:40+00:00","description":"Contacta con nosotros para solicitar m\u00e1s informaci\u00f3n sobre c\u00f3mo podemos ayudarte a representar cualquier tipo de instalaci\u00f3n.","breadcrumb":{"@id":"https:\/\/www.peragallo.es\/en\/contacto\/#breadcrumb"},"inLanguage":"en-US","potentialAction":[{"@type":"ReadAction","target":["https:\/\/www.peragallo.es\/en\/contacto\/"]}]},{"@type":"ImageObject","inLanguage":"en-US","@id":"https:\/\/www.peragallo.es\/en\/contacto\/#primaryimage","url":"https:\/\/www.peragallo.es\/wp-content\/uploads\/2020\/12\/005.jpg","contentUrl":"https:\/\/www.peragallo.es\/wp-content\/uploads\/2020\/12\/005.jpg"},{"@type":"BreadcrumbList","@id":"https:\/\/www.peragallo.es\/en\/contacto\/#breadcrumb","itemListElement":[{"@type":"ListItem","position":1,"name":"Portada","item":"https:\/\/www.peragallo.es\/en\/"},{"@type":"ListItem","position":2,"name":"Contact"}]},{"@type":"WebSite","@id":"https:\/\/www.peragallo.es\/en\/#website","url":"https:\/\/www.peragallo.es\/en\/","name":"Peragallo S.L.","description":"","publisher":{"@id":"https:\/\/www.peragallo.es\/en\/#organization"},"potentialAction":[{"@type":"SearchAction","target":{"@type":"EntryPoint","urlTemplate":"https:\/\/www.peragallo.es\/en\/?s={search_term_string}"},"query-input":{"@type":"PropertyValueSpecification","valueRequired":true,"valueName":"search_term_string"}}],"inLanguage":"en-US"},{"@type":"Organization","@id":"https:\/\/www.peragallo.es\/en\/#organization","name":"Peragallo","url":"https:\/\/www.peragallo.es\/en\/","logo":{"@type":"ImageObject","inLanguage":"en-US","@id":"https:\/\/www.peragallo.es\/en\/#\/schema\/logo\/image\/","url":"https:\/\/www.peragallo.es\/wp-content\/uploads\/2020\/12\/logo.png","contentUrl":"https:\/\/www.peragallo.es\/wp-content\/uploads\/2020\/12\/logo.png","width":374,"height":57,"caption":"Peragallo"},"image":{"@id":"https:\/\/www.peragallo.es\/en\/#\/schema\/logo\/image\/"}}]}},"_links":{"self":[{"href":"https:\/\/www.peragallo.es\/en\/wp-json\/wp\/v2\/pages\/1779","targetHints":{"allow":["GET"]}}],"collection":[{"href":"https:\/\/www.peragallo.es\/en\/wp-json\/wp\/v2\/pages"}],"about":[{"href":"https:\/\/www.peragallo.es\/en\/wp-json\/wp\/v2\/types\/page"}],"author":[{"embeddable":true,"href":"https:\/\/www.peragallo.es\/en\/wp-json\/wp\/v2\/users\/2"}],"replies":[{"embeddable":true,"href":"https:\/\/www.peragallo.es\/en\/wp-json\/wp\/v2\/comments?post=1779"}],"version-history":[{"count":6,"href":"https:\/\/www.peragallo.es\/en\/wp-json\/wp\/v2\/pages\/1779\/revisions"}],"predecessor-version":[{"id":1985,"href":"https:\/\/www.peragallo.es\/en\/wp-json\/wp\/v2\/pages\/1779\/revisions\/1985"}],"wp:attachment":[{"href":"https:\/\/www.peragallo.es\/en\/wp-json\/wp\/v2\/media?parent=1779"}],"curies":[{"name":"wp","href":"https:\/\/api.w.org\/{rel}","templated":true}]}}